{"id":80,"date":"2024-04-09T20:43:29","date_gmt":"2024-04-09T20:43:29","guid":{"rendered":"http:\/\/lillakyrkbyn.se\/?page_id=80"},"modified":"2024-06-26T14:52:35","modified_gmt":"2024-06-26T14:52:35","slug":"om-garden","status":"publish","type":"page","link":"https:\/\/lillakyrkbyn.se\/index.php\/om-garden\/","title":{"rendered":"Om g\u00e5rden"},"content":{"rendered":"<p>[et_pb_section fb_built=&#8221;1&#8243; fullwidth=&#8221;on&#8221; _builder_version=&#8221;4.24.3&#8243; _module_preset=&#8221;default&#8221; global_colors_info=&#8221;{}&#8221;][et_pb_fullwidth_header text_orientation=&#8221;center&#8221; _builder_version=&#8221;4.24.3&#8243; _module_preset=&#8221;default&#8221; background_enable_color=&#8221;off&#8221; background_image=&#8221;http:\/\/lillakyrkbyn.se\/wp-content\/uploads\/2024\/04\/autumn21.jpg&#8221; height=&#8221;550px&#8221; global_colors_info=&#8221;{}&#8221;][\/et_pb_fullwidth_header][\/et_pb_section][et_pb_section fb_built=&#8221;1&#8243; _builder_version=&#8221;4.24.3&#8243; _module_preset=&#8221;default&#8221; min_height=&#8221;306px&#8221; global_colors_info=&#8221;{}&#8221;][et_pb_row _builder_version=&#8221;4.24.3&#8243; _module_preset=&#8221;default&#8221; global_colors_info=&#8221;{}&#8221;][et_pb_column type=&#8221;4_4&#8243; _builder_version=&#8221;4.24.3&#8243; _module_preset=&#8221;default&#8221; global_colors_info=&#8221;{}&#8221;][et_pb_text _builder_version=&#8221;4.24.3&#8243; _module_preset=&#8221;default&#8221; global_colors_info=&#8221;{}&#8221;]<\/p>\n<h1 style=\"text-align: center;\"><\/h1>\n<h1 style=\"text-align: center;\">Lilla Kyrkbyn<\/h1>\n<p style=\"text-align: center;\"><span style=\"font-size: large;\">G\u00e5rden har anor fr\u00e5n 1700-talet och \u00e4r i grunden ett soldattorp som senare tj\u00e4nat som skogshuggarbostad. <br \/>N\u00e4r vi flyttade hit 2018 hade det inte varit djur p\u00e5 g\u00e5rden p\u00e5 m\u00e5nga \u00e5r och vi ser det som v\u00e5r uppgift att ta hand om g\u00e5rden <br \/>och naturen h\u00e4r p\u00e5 b\u00e4sta s\u00e4tt genom att \u00e5terst\u00e4lla de gamla hagmarkerna, gynna den biologiska m\u00e5ngfalden och bevara skogen.<\/span><\/p>\n<p style=\"text-align: center;\"><span style=\"font-size: large;\">Omgivningarna \u00e4r vackra, en gammal kulturbygd d\u00e4r historien g\u00f6r sig p\u00e5mind bakom varje v\u00e4gkr\u00f6k. Intill vackra sj\u00f6n Skedviken finns j\u00e4rn\u00e5ldersgravar och M\u00f6rby slottsruin och m\u00e5nga av byarna i bygden har anor \u00e4nda tillbaka till 1300-talet och troligen tidigare \u00e4n s\u00e5.\u00a0<\/span><\/p>\n<p>[\/et_pb_text][\/et_pb_column][\/et_pb_row][\/et_pb_section][et_pb_section fb_built=&#8221;1&#8243; fullwidth=&#8221;on&#8221; _builder_version=&#8221;4.24.3&#8243; _module_preset=&#8221;default&#8221; global_colors_info=&#8221;{}&#8221;][et_pb_fullwidth_image src=&#8221;http:\/\/lillakyrkbyn.se\/wp-content\/uploads\/2024\/06\/9Rityta-1.png&#8221; _builder_version=&#8221;4.24.3&#8243; _module_preset=&#8221;default&#8221; hover_enabled=&#8221;0&#8243; global_colors_info=&#8221;{}&#8221; title_text=&#8221;9Rityta 1&#8243; sticky_enabled=&#8221;0&#8243;][\/et_pb_fullwidth_image][\/et_pb_section][et_pb_section fb_built=&#8221;1&#8243; _builder_version=&#8221;4.24.3&#8243; _module_preset=&#8221;default&#8221; min_height=&#8221;752.2px&#8221; global_colors_info=&#8221;{}&#8221;][et_pb_row column_structure=&#8221;1_2,1_2&#8243; _builder_version=&#8221;4.24.3&#8243; _module_preset=&#8221;default&#8221; global_colors_info=&#8221;{}&#8221;][et_pb_column type=&#8221;1_2&#8243; _builder_version=&#8221;4.24.3&#8243; _module_preset=&#8221;default&#8221; global_colors_info=&#8221;{}&#8221;][et_pb_image src=&#8221;http:\/\/lillakyrkbyn.se\/wp-content\/uploads\/2024\/06\/Afro_tolt_vinter.jpg&#8221; title_text=&#8221;Afro_tolt_vinter&#8221; _builder_version=&#8221;4.24.3&#8243; _module_preset=&#8221;default&#8221; global_colors_info=&#8221;{}&#8221;][\/et_pb_image][et_pb_text _builder_version=&#8221;4.24.3&#8243; _module_preset=&#8221;default&#8221; global_colors_info=&#8221;{}&#8221;]<\/p>\n<h3 style=\"text-align: center;\">Frida Hermansson<\/h3>\n<p style=\"text-align: center;\">Frida har h\u00e5llit p\u00e5 med h\u00e4star sedan barnsben och har haft Islandsh\u00e4st i drygt 25 \u00e5r. Frida har arbetat med inridning och tr\u00e4ning av islandsh\u00e4star b\u00e5de p\u00e5 Island och i Sverige men arbetar sedan m\u00e5nga \u00e5r som art director, grafisk formgivare och fotograf i eget bolag. Hon driver \u00e4ven resebyr\u00e5n Wild nature Fotoresor tillsammans med tre andra naturfotografer. De stora intressena f\u00f6r natur, fotografi och h\u00e4star kan f\u00f6renas h\u00e4r p\u00e5 g\u00e5rden.<\/p>\n<p>[\/et_pb_text][\/et_pb_column][et_pb_column type=&#8221;1_2&#8243; _builder_version=&#8221;4.24.3&#8243; _module_preset=&#8221;default&#8221; global_colors_info=&#8221;{}&#8221;][et_pb_image src=&#8221;http:\/\/lillakyrkbyn.se\/wp-content\/uploads\/2024\/06\/Ronja_fredrik_presentation.jpg&#8221; title_text=&#8221;Ronja_fredrik_presentation&#8221; _builder_version=&#8221;4.24.3&#8243; _module_preset=&#8221;default&#8221; global_colors_info=&#8221;{}&#8221;][\/et_pb_image][et_pb_text _builder_version=&#8221;4.24.3&#8243; _module_preset=&#8221;default&#8221; global_colors_info=&#8221;{}&#8221;]<\/p>\n<h3 style=\"text-align: center;\">Fredrik Lindeberg<\/h3>\n<p style=\"text-align: center;\">Fredrik uppt\u00e4ckte islandsh\u00e4starna n\u00e4r han tr\u00e4ffade Frida. Innan dess var han livr\u00e4dd f\u00f6r h\u00e4star och sysslade mest med golf och hockey. Men en ridresa p\u00e5 Island f\u00f6r\u00e4ndrade allt n\u00e4r han ins\u00e5g att han ville ha en egen h\u00e4st. Efter det har det blivit fler h\u00e4star, och tillslut en egen g\u00e5rd. F\u00f6rutom n\u00e4rheten till h\u00e4starna och naturen tycker Fredrik om att odla och snickra, vilket bra d\u00e5 projekten bara blir fler och fler.<\/p>\n<p>[\/et_pb_text][\/et_pb_column][\/et_pb_row][\/et_pb_section][et_pb_section fb_built=&#8221;1&#8243; fullwidth=&#8221;on&#8221; theme_builder_area=&#8221;post_content&#8221; _builder_version=&#8221;4.24.3&#8243; _module_preset=&#8221;default&#8221;][et_pb_fullwidth_image src=&#8221;http:\/\/lillakyrkbyn.se\/wp-content\/uploads\/2024\/06\/9Rityta-1.png&#8221; _builder_version=&#8221;4.24.3&#8243; _module_preset=&#8221;default&#8221; theme_builder_area=&#8221;post_content&#8221; title_text=&#8221;9Rityta 1&#8243; hover_enabled=&#8221;0&#8243; sticky_enabled=&#8221;0&#8243;][\/et_pb_fullwidth_image][\/et_pb_section][et_pb_section fb_built=&#8221;1&#8243; theme_builder_area=&#8221;post_content&#8221; _builder_version=&#8221;4.24.3&#8243; _module_preset=&#8221;default&#8221;][et_pb_row _builder_version=&#8221;4.24.3&#8243; _module_preset=&#8221;default&#8221; column_structure=&#8221;1_3,1_3,1_3&#8243; theme_builder_area=&#8221;post_content&#8221;][et_pb_column _builder_version=&#8221;4.24.3&#8243; _module_preset=&#8221;default&#8221; type=&#8221;1_3&#8243; theme_builder_area=&#8221;post_content&#8221;][et_pb_image src=&#8221;http:\/\/lillakyrkbyn.se\/wp-content\/uploads\/2024\/06\/doris.jpg&#8221; title_text=&#8221;doris&#8221; _builder_version=&#8221;4.24.3&#8243; _module_preset=&#8221;default&#8221; hover_enabled=&#8221;0&#8243; global_colors_info=&#8221;{}&#8221; theme_builder_area=&#8221;post_content&#8221; sticky_enabled=&#8221;0&#8243;][\/et_pb_image][et_pb_text _builder_version=&#8221;4.24.3&#8243; _module_preset=&#8221;default&#8221; global_colors_info=&#8221;{}&#8221; theme_builder_area=&#8221;post_content&#8221;]<\/p>\n<h3 style=\"text-align: center;\">Doris<\/h3>\n<p style=\"text-align: center;\">Japansk spets. Skitgris. Tr\u00e4sktroll. Gose.<\/p>\n<p>[\/et_pb_text][\/et_pb_column][et_pb_column _builder_version=&#8221;4.24.3&#8243; _module_preset=&#8221;default&#8221; type=&#8221;1_3&#8243; theme_builder_area=&#8221;post_content&#8221;][et_pb_image src=&#8221;http:\/\/lillakyrkbyn.se\/wp-content\/uploads\/2024\/04\/hjordis-3.jpg&#8221; title_text=&#8221;hj\u00f6rdis-3&#8243; _builder_version=&#8221;4.24.3&#8243; _module_preset=&#8221;default&#8221; global_colors_info=&#8221;{}&#8221; theme_builder_area=&#8221;post_content&#8221;][\/et_pb_image][et_pb_text _builder_version=&#8221;4.24.3&#8243; _module_preset=&#8221;default&#8221; global_colors_info=&#8221;{}&#8221; theme_builder_area=&#8221;post_content&#8221;]<\/p>\n<h3 style=\"text-align: center;\">Hj\u00f6rdis<\/h3>\n<p style=\"text-align: center;\">M\u00f6rdis-Hj\u00f6rdis. Med r\u00e4tt att d\u00f6da.<\/p>\n<p>[\/et_pb_text][\/et_pb_column][et_pb_column _builder_version=&#8221;4.24.3&#8243; _module_preset=&#8221;default&#8221; type=&#8221;1_3&#8243; theme_builder_area=&#8221;post_content&#8221;][et_pb_image src=&#8221;http:\/\/lillakyrkbyn.se\/wp-content\/uploads\/2024\/04\/sigge-2.jpg&#8221; title_text=&#8221;sigge-2&#8243; _builder_version=&#8221;4.24.3&#8243; _module_preset=&#8221;default&#8221; global_colors_info=&#8221;{}&#8221; theme_builder_area=&#8221;post_content&#8221;][\/et_pb_image][et_pb_text _builder_version=&#8221;4.24.3&#8243; _module_preset=&#8221;default&#8221; global_colors_info=&#8221;{}&#8221; theme_builder_area=&#8221;post_content&#8221;]<\/p>\n<h3 style=\"text-align: center;\">Sigge<\/h3>\n<p style=\"text-align: center;\">Bubbe. Panter.<\/p>\n<p>[\/et_pb_text][\/et_pb_column][\/et_pb_row][\/et_pb_section][et_pb_section fb_built=&#8221;1&#8243; _builder_version=&#8221;4.24.3&#8243; _module_preset=&#8221;default&#8221; global_colors_info=&#8221;{}&#8221;][et_pb_row use_custom_gutter=&#8221;on&#8221; gutter_width=&#8221;1&#8243; _builder_version=&#8221;4.24.3&#8243; _module_preset=&#8221;default&#8221; width=&#8221;100%&#8221; module_alignment=&#8221;center&#8221; global_colors_info=&#8221;{}&#8221;][et_pb_column type=&#8221;4_4&#8243; _builder_version=&#8221;4.24.3&#8243; _module_preset=&#8221;default&#8221; global_colors_info=&#8221;{}&#8221;][et_pb_gallery gallery_ids=&#8221;96,95,94,74,28,27,26,25,24,23,22&#8243; show_title_and_caption=&#8221;off&#8221; show_pagination=&#8221;off&#8221; _builder_version=&#8221;4.24.3&#8243; _module_preset=&#8221;default&#8221; global_colors_info=&#8221;{}&#8221;][\/et_pb_gallery][\/et_pb_column][\/et_pb_row][\/et_pb_section]<\/p>\n","protected":false},"excerpt":{"rendered":"<p>Lilla Kyrkbyn G\u00e5rden har anor fr\u00e5n 1700-talet och \u00e4r i grunden ett soldattorp som senare tj\u00e4nat som skogshuggarbostad. N\u00e4r vi flyttade hit 2018 hade det inte varit djur p\u00e5 g\u00e5rden p\u00e5 m\u00e5nga \u00e5r och vi ser det som v\u00e5r uppgift att ta hand om g\u00e5rden och naturen h\u00e4r p\u00e5 b\u00e4sta s\u00e4tt genom att \u00e5terst\u00e4lla de [&hellip;]<\/p>\n","protected":false},"author":1,"featured_media":0,"parent":0,"menu_order":0,"comment_status":"closed","ping_status":"closed","template":"","meta":{"_et_pb_use_builder":"on","_et_pb_old_content":"","_et_gb_content_width":"","footnotes":""},"class_list":["post-80","page","type-page","status-publish","hentry"],"_links":{"self":[{"href":"https:\/\/lillakyrkbyn.se\/index.php\/wp-json\/wp\/v2\/pages\/80","targetHints":{"allow":["GET"]}}],"collection":[{"href":"https:\/\/lillakyrkbyn.se\/index.php\/wp-json\/wp\/v2\/pages"}],"about":[{"href":"https:\/\/lillakyrkbyn.se\/index.php\/wp-json\/wp\/v2\/types\/page"}],"author":[{"embeddable":true,"href":"https:\/\/lillakyrkbyn.se\/index.php\/wp-json\/wp\/v2\/users\/1"}],"replies":[{"embeddable":true,"href":"https:\/\/lillakyrkbyn.se\/index.php\/wp-json\/wp\/v2\/comments?post=80"}],"version-history":[{"count":7,"href":"https:\/\/lillakyrkbyn.se\/index.php\/wp-json\/wp\/v2\/pages\/80\/revisions"}],"predecessor-version":[{"id":119,"href":"https:\/\/lillakyrkbyn.se\/index.php\/wp-json\/wp\/v2\/pages\/80\/revisions\/119"}],"wp:attachment":[{"href":"https:\/\/lillakyrkbyn.se\/index.php\/wp-json\/wp\/v2\/media?parent=80"}],"curies":[{"name":"wp","href":"https:\/\/api.w.org\/{rel}","templated":true}]}}