{"id":8,"date":"2022-11-10T13:50:08","date_gmt":"2022-11-10T13:50:08","guid":{"rendered":"http:\/\/lillakyrkbyn.se\/?page_id=8"},"modified":"2024-06-26T15:15:40","modified_gmt":"2024-06-26T15:15:40","slug":"8-2","status":"publish","type":"page","link":"https:\/\/lillakyrkbyn.se\/","title":{"rendered":"Lilla Kyrkbyn"},"content":{"rendered":"<p>[et_pb_section fb_built=&#8221;1&#8243; fullwidth=&#8221;on&#8221; _builder_version=&#8221;4.24.3&#8243; _module_preset=&#8221;default&#8221; height=&#8221;600px&#8221; height_tablet=&#8221;307px&#8221; height_phone=&#8221;329px&#8221; height_last_edited=&#8221;on|phone&#8221; max_height_tablet=&#8221;&#8221; max_height_phone=&#8221;302px&#8221; max_height_last_edited=&#8221;on|tablet&#8221; global_colors_info=&#8221;{}&#8221;][et_pb_fullwidth_slider _builder_version=&#8221;4.24.3&#8243; _module_preset=&#8221;default&#8221; content_width=&#8221;100%&#8221; height=&#8221;600px&#8221; height_tablet=&#8221;600px&#8221; height_phone=&#8221;600px&#8221; height_last_edited=&#8221;on|phone&#8221; custom_margin=&#8221;||207px||false|false&#8221; custom_padding=&#8221;||216px||false|false&#8221; hover_transition_speed_curve=&#8221;ease-in-out&#8221; global_colors_info=&#8221;{}&#8221;][et_pb_slide _builder_version=&#8221;4.24.3&#8243; _module_preset=&#8221;default&#8221; background_enable_color=&#8221;off&#8221; background_image=&#8221;http:\/\/lillakyrkbyn.se\/wp-content\/uploads\/2024\/04\/freyr-7.jpg&#8221; background_enable_image=&#8221;on&#8221; custom_padding=&#8221;100px||100px|1px|false|false&#8221; global_colors_info=&#8221;{}&#8221; sticky_transition=&#8221;on&#8221;][\/et_pb_slide][et_pb_slide _builder_version=&#8221;4.24.3&#8243; _module_preset=&#8221;default&#8221; background_image=&#8221;http:\/\/lillakyrkbyn.se\/wp-content\/uploads\/2024\/04\/autumn21-7.jpg&#8221; background_enable_image=&#8221;on&#8221; global_colors_info=&#8221;{}&#8221; sticky_transition=&#8221;on&#8221;][\/et_pb_slide][et_pb_slide _builder_version=&#8221;4.24.3&#8243; _module_preset=&#8221;default&#8221; background_enable_color=&#8221;off&#8221; background_image=&#8221;http:\/\/lillakyrkbyn.se\/wp-content\/uploads\/2024\/04\/autumn21-18.jpg&#8221; background_enable_image=&#8221;on&#8221; global_colors_info=&#8221;{}&#8221; sticky_transition=&#8221;on&#8221;][\/et_pb_slide][et_pb_slide _builder_version=&#8221;4.24.3&#8243; _module_preset=&#8221;default&#8221; background_image=&#8221;http:\/\/lillakyrkbyn.se\/wp-content\/uploads\/2024\/04\/autumn21-23.jpg&#8221; background_enable_image=&#8221;on&#8221; global_colors_info=&#8221;{}&#8221; sticky_transition=&#8221;on&#8221;][\/et_pb_slide][et_pb_slide _builder_version=&#8221;4.24.3&#8243; _module_preset=&#8221;default&#8221; background_enable_color=&#8221;off&#8221; background_image=&#8221;http:\/\/lillakyrkbyn.se\/wp-content\/uploads\/2024\/04\/autumn21.jpg&#8221; background_enable_image=&#8221;on&#8221; global_colors_info=&#8221;{}&#8221; sticky_transition=&#8221;on&#8221;][\/et_pb_slide][et_pb_slide _builder_version=&#8221;4.24.3&#8243; _module_preset=&#8221;default&#8221; background_enable_color=&#8221;off&#8221; background_image=&#8221;http:\/\/lillakyrkbyn.se\/wp-content\/uploads\/2024\/04\/stall.jpg&#8221; background_enable_image=&#8221;on&#8221; global_colors_info=&#8221;{}&#8221; sticky_transition=&#8221;on&#8221;][\/et_pb_slide][et_pb_slide _builder_version=&#8221;4.24.3&#8243; _module_preset=&#8221;default&#8221; background_enable_color=&#8221;off&#8221; background_image=&#8221;http:\/\/lillakyrkbyn.se\/wp-content\/uploads\/2024\/04\/autumn21-32.jpg&#8221; background_enable_image=&#8221;on&#8221; global_colors_info=&#8221;{}&#8221; sticky_transition=&#8221;on&#8221;][\/et_pb_slide][\/et_pb_fullwidth_slider][\/et_pb_section][et_pb_section fb_built=&#8221;1&#8243; _builder_version=&#8221;4.24.3&#8243; _module_preset=&#8221;default&#8221; global_colors_info=&#8221;{}&#8221;][et_pb_row _builder_version=&#8221;4.24.3&#8243; _module_preset=&#8221;default&#8221; global_colors_info=&#8221;{}&#8221;][et_pb_column type=&#8221;4_4&#8243; _builder_version=&#8221;4.24.3&#8243; _module_preset=&#8221;default&#8221; global_colors_info=&#8221;{}&#8221;][et_pb_text _builder_version=&#8221;4.24.3&#8243; _module_preset=&#8221;default&#8221; hover_enabled=&#8221;0&#8243; global_colors_info=&#8221;{}&#8221; sticky_enabled=&#8221;0&#8243;]<\/p>\n<h1 style=\"text-align: center;\">V\u00e4lkommen till Lilla Kyrkbyn!<\/h1>\n<p style=\"text-align: center;\"><span style=\"font-size: large;\">G\u00e5rden ligger i natursk\u00f6na omgivningar i R\u00e5n\u00e4s, Roslagen, intill Fasterna Kyrka, M\u00f6rby Slottsruin och Skedviken.<\/span><br \/><span style=\"font-size: large;\">Vi som bor p\u00e5 g\u00e5rden \u00e4r Frida Hermansson och Fredrik Lindeberg tillsammans med v\u00e5ra 5 islandsh\u00e4star,<\/span><br \/><span style=\"font-size: large;\">japanska spetsen Doris och katterna Sigge och Hj\u00f6rdis.<\/span><\/p>\n<p>[\/et_pb_text][\/et_pb_column][\/et_pb_row][\/et_pb_section][et_pb_section fb_built=&#8221;1&#8243; fullwidth=&#8221;on&#8221; _builder_version=&#8221;4.24.3&#8243; _module_preset=&#8221;default&#8221; global_colors_info=&#8221;{}&#8221;][et_pb_fullwidth_image src=&#8221;http:\/\/lillakyrkbyn.se\/wp-content\/uploads\/2024\/06\/9Rityta-1.png&#8221; title_text=&#8221;9Rityta 1&#8243; _builder_version=&#8221;4.24.3&#8243; _module_preset=&#8221;default&#8221; global_colors_info=&#8221;{}&#8221;][\/et_pb_fullwidth_image][\/et_pb_section][et_pb_section fb_built=&#8221;1&#8243; theme_builder_area=&#8221;post_content&#8221; _builder_version=&#8221;4.24.3&#8243; _module_preset=&#8221;default&#8221;][\/et_pb_section][et_pb_section fb_built=&#8221;1&#8243; _builder_version=&#8221;4.24.3&#8243; _module_preset=&#8221;default&#8221; hover_enabled=&#8221;0&#8243; global_colors_info=&#8221;{}&#8221; background_color=&#8221;#eaefec&#8221; sticky_enabled=&#8221;0&#8243; custom_margin=&#8221;-168px|||||&#8221;][et_pb_row column_structure=&#8221;1_3,1_3,1_3&#8243; _builder_version=&#8221;4.24.3&#8243; _module_preset=&#8221;default&#8221; global_colors_info=&#8221;{}&#8221;][et_pb_column type=&#8221;1_3&#8243; _builder_version=&#8221;4.24.3&#8243; _module_preset=&#8221;default&#8221; global_colors_info=&#8221;{}&#8221;][et_pb_image src=&#8221;http:\/\/lillakyrkbyn.se\/wp-content\/uploads\/2024\/04\/stall.jpg&#8221; title_text=&#8221;stall&#8221; _builder_version=&#8221;4.24.3&#8243; _module_preset=&#8221;default&#8221; global_colors_info=&#8221;{}&#8221;][\/et_pb_image][et_pb_text _builder_version=&#8221;4.24.3&#8243; _module_preset=&#8221;default&#8221; height=&#8221;230px&#8221; global_colors_info=&#8221;{}&#8221;]<\/p>\n<h3 style=\"text-align: center;\">Stallplats<\/h3>\n<p style=\"text-align: center;\">Vi erbjuder ett f\u00e5tal platser f\u00f6r inackordering av islandsh\u00e4st i v\u00e5rt stall, byggt 2021. H\u00e4starna har stora, fina hagar med l\u00e5ng utevistelse.<br \/>P\u00e5 g\u00e5rden finns belyst ridbana 22&#215;42 m och en anlagd, grusad ridslinga ca 400 m.<\/p>\n<p>[\/et_pb_text][et_pb_button button_url=&#8221;http:\/\/lillakyrkbyn.se\/index.php\/stallplats\/&#8221; button_text=&#8221;L\u00e4s mer h\u00e4r&#8221; button_alignment=&#8221;center&#8221; _builder_version=&#8221;4.24.3&#8243; _module_preset=&#8221;default&#8221; custom_button=&#8221;on&#8221; button_text_color=&#8221;#ffffff&#8221; button_bg_color=&#8221;#669b78&#8243; button_border_width=&#8221;0px&#8221; button_border_radius=&#8221;4px&#8221; button_font=&#8221;Baskervville||||||||&#8221; button_use_icon=&#8221;off&#8221; background_layout=&#8221;dark&#8221; global_colors_info=&#8221;{}&#8221;][\/et_pb_button][\/et_pb_column][et_pb_column type=&#8221;1_3&#8243; _builder_version=&#8221;4.24.3&#8243; _module_preset=&#8221;default&#8221; global_colors_info=&#8221;{}&#8221;][et_pb_image src=&#8221;http:\/\/lillakyrkbyn.se\/wp-content\/uploads\/2024\/04\/F1E0C28E-01E2-4462-B300-E115AEAED20D.jpg&#8221; title_text=&#8221;F1E0C28E-01E2-4462-B300-E115AEAED20D&#8221; _builder_version=&#8221;4.24.3&#8243; _module_preset=&#8221;default&#8221; global_colors_info=&#8221;{}&#8221;][\/et_pb_image][et_pb_text _builder_version=&#8221;4.24.3&#8243; _module_preset=&#8221;default&#8221; height=&#8221;210px&#8221; global_colors_info=&#8221;{}&#8221;]<\/p>\n<h3 style=\"text-align: center;\">Kurser<\/h3>\n<p style=\"text-align: center;\">Vi anordnar kurser inom ridning och fotografi.<\/p>\n<p style=\"text-align: center;\">Hinrik &#8221;Hinni&#8221; Sigurdsson kommer hit regelbundet och h\u00e5ller kurs.<br \/>Frida Hermansson h\u00e5ller kurser och workshops i fotografi.<\/p>\n<p style=\"text-align: center;\">[\/et_pb_text][et_pb_button button_url=&#8221;http:\/\/lillakyrkbyn.se\/index.php\/kurser\/&#8221; button_text=&#8221;L\u00e4s mer h\u00e4r&#8221; button_alignment=&#8221;center&#8221; _builder_version=&#8221;4.24.3&#8243; _module_preset=&#8221;default&#8221; custom_button=&#8221;on&#8221; button_text_color=&#8221;#ffffff&#8221; button_bg_color=&#8221;#669b78&#8243; button_border_width=&#8221;0px&#8221; button_border_radius=&#8221;4px&#8221; button_font=&#8221;Baskervville||||||||&#8221; button_use_icon=&#8221;off&#8221; background_layout=&#8221;dark&#8221; global_colors_info=&#8221;{}&#8221;][\/et_pb_button][\/et_pb_column][et_pb_column type=&#8221;1_3&#8243; _builder_version=&#8221;4.24.3&#8243; _module_preset=&#8221;default&#8221; global_colors_info=&#8221;{}&#8221;][et_pb_image src=&#8221;http:\/\/lillakyrkbyn.se\/wp-content\/uploads\/2024\/04\/autumn21.jpg&#8221; title_text=&#8221;autumn21&#8243; _builder_version=&#8221;4.24.3&#8243; _module_preset=&#8221;default&#8221; global_colors_info=&#8221;{}&#8221;][\/et_pb_image][et_pb_text _builder_version=&#8221;4.24.3&#8243; _module_preset=&#8221;default&#8221; global_colors_info=&#8221;{}&#8221;]<\/p>\n<h3 style=\"text-align: center;\">Om g\u00e5rden<\/h3>\n<p style=\"text-align: center;\">G\u00e5rden har anor fr\u00e5n 1700-talet och \u00e4r i grunden ett soldattorp som senare tj\u00e4nat som skogshuggarbostad. N\u00e4r vi flyttade hit 2018 hade det inte varit djur p\u00e5 g\u00e5rden p\u00e5 m\u00e5nga \u00e5r och vi ser det som v\u00e5r uppgift att ta hand om g\u00e5rden och naturen h\u00e4r p\u00e5 b\u00e4sta s\u00e4tt genom att \u00e5terst\u00e4lla de gamla hagmarkerna, gynna den biologiska m\u00e5ngfalden och bevara skogen.<\/p>\n<p>[\/et_pb_text][et_pb_button button_url=&#8221;http:\/\/lillakyrkbyn.se\/index.php\/om-garden\/&#8221; button_text=&#8221;L\u00e4s mer h\u00e4r&#8221; button_alignment=&#8221;center&#8221; _builder_version=&#8221;4.24.3&#8243; _module_preset=&#8221;default&#8221; custom_button=&#8221;on&#8221; button_text_color=&#8221;#ffffff&#8221; button_bg_color=&#8221;#669b78&#8243; button_border_width=&#8221;0px&#8221; button_border_radius=&#8221;4px&#8221; button_font=&#8221;Baskervville||||||||&#8221; button_use_icon=&#8221;off&#8221; background_layout=&#8221;dark&#8221; global_colors_info=&#8221;{}&#8221;][\/et_pb_button][\/et_pb_column][\/et_pb_row][\/et_pb_section][et_pb_section fb_built=&#8221;1&#8243; fullwidth=&#8221;on&#8221; _builder_version=&#8221;4.24.3&#8243; _module_preset=&#8221;default&#8221; max_height=&#8221;600px&#8221; global_colors_info=&#8221;{}&#8221;][et_pb_fullwidth_image src=&#8221;http:\/\/lillakyrkbyn.se\/wp-content\/uploads\/2024\/04\/autumn21-32.jpg&#8221; title_text=&#8221;autumn21-32&#8243; _builder_version=&#8221;4.24.3&#8243; _module_preset=&#8221;default&#8221; max_height=&#8221;600px&#8221; global_colors_info=&#8221;{}&#8221;][\/et_pb_fullwidth_image][\/et_pb_section]<\/p>\n","protected":false},"excerpt":{"rendered":"<p>V\u00e4lkommen till Lilla Kyrkbyn! G\u00e5rden ligger i natursk\u00f6na omgivningar i R\u00e5n\u00e4s, Roslagen, intill Fasterna Kyrka, M\u00f6rby Slottsruin och Skedviken.Vi som bor p\u00e5 g\u00e5rden \u00e4r Frida Hermansson och Fredrik Lindeberg tillsammans med v\u00e5ra 5 islandsh\u00e4star,japanska spetsen Doris och katterna Sigge och Hj\u00f6rdis.Stallplats Vi erbjuder ett f\u00e5tal platser f\u00f6r inackordering av islandsh\u00e4st i v\u00e5rt stall, byggt 2021. [&hellip;]<\/p>\n","protected":false},"author":1,"featured_media":0,"parent":0,"menu_order":0,"comment_status":"closed","ping_status":"closed","template":"","meta":{"_et_pb_use_builder":"on","_et_pb_old_content":"","_et_gb_content_width":"","footnotes":""},"class_list":["post-8","page","type-page","status-publish","hentry"],"_links":{"self":[{"href":"https:\/\/lillakyrkbyn.se\/index.php\/wp-json\/wp\/v2\/pages\/8","targetHints":{"allow":["GET"]}}],"collection":[{"href":"https:\/\/lillakyrkbyn.se\/index.php\/wp-json\/wp\/v2\/pages"}],"about":[{"href":"https:\/\/lillakyrkbyn.se\/index.php\/wp-json\/wp\/v2\/types\/page"}],"author":[{"embeddable":true,"href":"https:\/\/lillakyrkbyn.se\/index.php\/wp-json\/wp\/v2\/users\/1"}],"replies":[{"embeddable":true,"href":"https:\/\/lillakyrkbyn.se\/index.php\/wp-json\/wp\/v2\/comments?post=8"}],"version-history":[{"count":16,"href":"https:\/\/lillakyrkbyn.se\/index.php\/wp-json\/wp\/v2\/pages\/8\/revisions"}],"predecessor-version":[{"id":129,"href":"https:\/\/lillakyrkbyn.se\/index.php\/wp-json\/wp\/v2\/pages\/8\/revisions\/129"}],"wp:attachment":[{"href":"https:\/\/lillakyrkbyn.se\/index.php\/wp-json\/wp\/v2\/media?parent=8"}],"curies":[{"name":"wp","href":"https:\/\/api.w.org\/{rel}","templated":true}]}}