{"id":55,"date":"2024-04-04T14:12:42","date_gmt":"2024-04-04T14:12:42","guid":{"rendered":"http:\/\/lillakyrkbyn.se\/?page_id=55"},"modified":"2024-06-26T15:07:51","modified_gmt":"2024-06-26T15:07:51","slug":"stallplats","status":"publish","type":"page","link":"https:\/\/lillakyrkbyn.se\/index.php\/stallplats\/","title":{"rendered":"stallplats"},"content":{"rendered":"<p>[et_pb_section fb_built=&#8221;1&#8243; fullwidth=&#8221;on&#8221; _builder_version=&#8221;4.24.3&#8243; _module_preset=&#8221;default&#8221; global_colors_info=&#8221;{}&#8221;][et_pb_fullwidth_header _builder_version=&#8221;4.24.3&#8243; _module_preset=&#8221;default&#8221; background_enable_color=&#8221;off&#8221; background_image=&#8221;http:\/\/lillakyrkbyn.se\/wp-content\/uploads\/2024\/04\/stall.jpg&#8221; height=&#8221;550px&#8221; global_colors_info=&#8221;{}&#8221;][\/et_pb_fullwidth_header][\/et_pb_section][et_pb_section fb_built=&#8221;1&#8243; _builder_version=&#8221;4.24.3&#8243; _module_preset=&#8221;default&#8221; global_colors_info=&#8221;{}&#8221;][et_pb_row _builder_version=&#8221;4.24.3&#8243; _module_preset=&#8221;default&#8221; global_colors_info=&#8221;{}&#8221;][et_pb_column type=&#8221;4_4&#8243; _builder_version=&#8221;4.24.3&#8243; _module_preset=&#8221;default&#8221; global_colors_info=&#8221;{}&#8221;][et_pb_text _builder_version=&#8221;4.24.3&#8243; _module_preset=&#8221;default&#8221; text_font=&#8221;Baskervville||||||||&#8221; text_font_size=&#8221;22px&#8221; global_colors_info=&#8221;{}&#8221;]<\/p>\n<h1 style=\"text-align: center;\">Stallplats<\/h1>\n<p style=\"text-align: center;\">Vi erbjuder inackordering f\u00f6r islandsh\u00e4star i stora ljusa boxar i v\u00e5rt nybyggda stall som stod f\u00e4rdigt sommaren 2021. H\u00e4starnas v\u00e4lm\u00e5ende \u00e4r det viktigaste f\u00f6r oss. H\u00e4r f\u00e5r h\u00e4starna l\u00e5ng vistelse i stora, fina hagar, individuellt anpassad foderstat och daglig tillsyn minst 2 g\u00e5nger per dag.<\/p>\n<p>[\/et_pb_text][\/et_pb_column][\/et_pb_row][\/et_pb_section][et_pb_section fb_built=&#8221;1&#8243; fullwidth=&#8221;on&#8221; theme_builder_area=&#8221;post_content&#8221; _builder_version=&#8221;4.24.3&#8243; _module_preset=&#8221;default&#8221;][et_pb_fullwidth_image src=&#8221;http:\/\/lillakyrkbyn.se\/wp-content\/uploads\/2024\/06\/9Rityta-1.png&#8221; _builder_version=&#8221;4.24.3&#8243; _module_preset=&#8221;default&#8221; theme_builder_area=&#8221;post_content&#8221; title_text=&#8221;9Rityta 1&#8243; hover_enabled=&#8221;0&#8243; sticky_enabled=&#8221;0&#8243;][\/et_pb_fullwidth_image][\/et_pb_section][et_pb_section fb_built=&#8221;1&#8243; theme_builder_area=&#8221;post_content&#8221; _builder_version=&#8221;4.24.3&#8243; _module_preset=&#8221;default&#8221;][et_pb_row column_structure=&#8221;1_3,1_3,1_3&#8243; use_custom_gutter=&#8221;on&#8221; gutter_width=&#8221;2&#8243; _builder_version=&#8221;4.24.3&#8243; _module_preset=&#8221;default&#8221; width=&#8221;100%&#8221; max_width=&#8221;80%&#8221; custom_margin=&#8221;||||false|false&#8221; custom_padding=&#8221;||||false|false&#8221; global_colors_info=&#8221;{}&#8221; theme_builder_area=&#8221;post_content&#8221;][et_pb_column type=&#8221;1_3&#8243; _builder_version=&#8221;4.24.3&#8243; _module_preset=&#8221;default&#8221; custom_padding=&#8221;0px|0px|0px|0px|false|false&#8221; global_colors_info=&#8221;{}&#8221; theme_builder_area=&#8221;post_content&#8221;][et_pb_image src=&#8221;http:\/\/lillakyrkbyn.se\/wp-content\/uploads\/2024\/04\/autumn21-23.jpg&#8221; title_text=&#8221;autumn21-23&#8243; _builder_version=&#8221;4.24.3&#8243; _module_preset=&#8221;default&#8221; width=&#8221;100%&#8221; custom_padding=&#8221;|1px||||&#8221; global_colors_info=&#8221;{}&#8221; theme_builder_area=&#8221;post_content&#8221;][\/et_pb_image][\/et_pb_column][et_pb_column type=&#8221;1_3&#8243; _builder_version=&#8221;4.24.3&#8243; _module_preset=&#8221;default&#8221; global_colors_info=&#8221;{}&#8221; theme_builder_area=&#8221;post_content&#8221;][et_pb_image src=&#8221;http:\/\/lillakyrkbyn.se\/wp-content\/uploads\/2024\/04\/autumn21-18.jpg&#8221; title_text=&#8221;autumn21-18&#8243; align=&#8221;center&#8221; force_fullwidth=&#8221;on&#8221; _builder_version=&#8221;4.24.3&#8243; _module_preset=&#8221;default&#8221; global_colors_info=&#8221;{}&#8221; theme_builder_area=&#8221;post_content&#8221;][\/et_pb_image][et_pb_divider _builder_version=&#8221;4.24.3&#8243; _module_preset=&#8221;default&#8221; theme_builder_area=&#8221;post_content&#8221; show_divider=&#8221;off&#8221; hover_enabled=&#8221;0&#8243; sticky_enabled=&#8221;0&#8243;][\/et_pb_divider][\/et_pb_column][et_pb_column type=&#8221;1_3&#8243; _builder_version=&#8221;4.24.3&#8243; _module_preset=&#8221;default&#8221; global_colors_info=&#8221;{}&#8221; theme_builder_area=&#8221;post_content&#8221;][et_pb_image src=&#8221;http:\/\/lillakyrkbyn.se\/wp-content\/uploads\/2024\/04\/autumn21-7.jpg&#8221; title_text=&#8221;autumn21-7&#8243; align=&#8221;center&#8221; force_fullwidth=&#8221;on&#8221; _builder_version=&#8221;4.24.3&#8243; _module_preset=&#8221;default&#8221; global_colors_info=&#8221;{}&#8221; theme_builder_area=&#8221;post_content&#8221;][\/et_pb_image][\/et_pb_column][\/et_pb_row][et_pb_row _builder_version=&#8221;4.24.3&#8243; _module_preset=&#8221;default&#8221; custom_margin=&#8221;-127px|auto||auto||&#8221; global_colors_info=&#8221;{}&#8221; theme_builder_area=&#8221;post_content&#8221;][et_pb_column type=&#8221;4_4&#8243; _builder_version=&#8221;4.24.3&#8243; _module_preset=&#8221;default&#8221; global_colors_info=&#8221;{}&#8221; theme_builder_area=&#8221;post_content&#8221;][et_pb_text _builder_version=&#8221;4.24.3&#8243; _module_preset=&#8221;default&#8221; text_font=&#8221;Baskervville||||||||&#8221; text_font_size=&#8221;17px&#8221; text_orientation=&#8221;center&#8221; global_colors_info=&#8221;{}&#8221; theme_builder_area=&#8221;post_content&#8221;]<\/p>\n<h2 style=\"text-align: center;\">Vad som ing\u00e5r<\/h2>\n<div class=\"x11i5rnm xat24cr x1mh8g0r x1vvkbs xtlvy1s x126k92a\">\n<p style=\"text-align: center;\">Ston och valacker g\u00e5r i separata hagar. <br \/><span style=\"font-size: medium;\">4 fodringar \/ dag under vinterhalv\u00e5ret.<br \/><\/span>7 kg analyserat h\u00f6silage per dag vintertid och efter behov sommartid. <br \/>Uppv\u00e4rmt vatten i hagarna vintertid.<br \/>T\u00e4ckesservice (\u00e4ven sommar f\u00f6r eksemh\u00e4st)<br \/>Full service i veckorna, egen mockning p\u00e5 helger, 1 stallpass \/ m\u00e5nad.<br \/><span style=\"font-size: medium;\">Spolspilta med varmvatten. <br \/><\/span>Belyst ridbana 22 x 42 m. <br \/><span style=\"font-size: medium;\">Anlagd grusad ridslinga ca 400 m. <br \/>Fina ridv\u00e4gar.<br \/><\/span>Uppv\u00e4rmd sadelkammare \/ fikarum.<span style=\"font-size: medium;\"> <br \/>T\u00e4ckestorkrum med tv\u00e4ttmaskin och toalett.<br \/><\/span>Kursverksamhet f\u00f6r instrukt\u00f6r, m\u00f6jlighet att ta hit egen instrukt\u00f6r.<\/p>\n<div dir=\"auto\" style=\"text-align: center;\"><strong>Pris:<\/strong> 4200 kr \/ m\u00e5n inkl moms<\/div>\n<div dir=\"auto\" style=\"text-align: center;\"><\/div>\n<p dir=\"auto\" style=\"text-align: center;\">\n<\/div>\n<div class=\"x11i5rnm xat24cr x1mh8g0r x1vvkbs xtlvy1s x126k92a\" style=\"text-align: center;\"><\/div>\n<p style=\"text-align: center;\">[\/et_pb_text][\/et_pb_column][\/et_pb_row][\/et_pb_section]<\/p>\n","protected":false},"excerpt":{"rendered":"<p>Stallplats Vi erbjuder inackordering f\u00f6r islandsh\u00e4star i stora ljusa boxar i v\u00e5rt nybyggda stall som stod f\u00e4rdigt sommaren 2021. H\u00e4starnas v\u00e4lm\u00e5ende \u00e4r det viktigaste f\u00f6r oss. H\u00e4r f\u00e5r h\u00e4starna l\u00e5ng vistelse i stora, fina hagar, individuellt anpassad foderstat och daglig tillsyn minst 2 g\u00e5nger per dag.Vad som ing\u00e5r Ston och valacker g\u00e5r i separata hagar. [&hellip;]<\/p>\n","protected":false},"author":1,"featured_media":0,"parent":0,"menu_order":0,"comment_status":"closed","ping_status":"closed","template":"","meta":{"_et_pb_use_builder":"on","_et_pb_old_content":"","_et_gb_content_width":"","footnotes":""},"class_list":["post-55","page","type-page","status-publish","hentry"],"_links":{"self":[{"href":"https:\/\/lillakyrkbyn.se\/index.php\/wp-json\/wp\/v2\/pages\/55","targetHints":{"allow":["GET"]}}],"collection":[{"href":"https:\/\/lillakyrkbyn.se\/index.php\/wp-json\/wp\/v2\/pages"}],"about":[{"href":"https:\/\/lillakyrkbyn.se\/index.php\/wp-json\/wp\/v2\/types\/page"}],"author":[{"embeddable":true,"href":"https:\/\/lillakyrkbyn.se\/index.php\/wp-json\/wp\/v2\/users\/1"}],"replies":[{"embeddable":true,"href":"https:\/\/lillakyrkbyn.se\/index.php\/wp-json\/wp\/v2\/comments?post=55"}],"version-history":[{"count":6,"href":"https:\/\/lillakyrkbyn.se\/index.php\/wp-json\/wp\/v2\/pages\/55\/revisions"}],"predecessor-version":[{"id":125,"href":"https:\/\/lillakyrkbyn.se\/index.php\/wp-json\/wp\/v2\/pages\/55\/revisions\/125"}],"wp:attachment":[{"href":"https:\/\/lillakyrkbyn.se\/index.php\/wp-json\/wp\/v2\/media?parent=55"}],"curies":[{"name":"wp","href":"https:\/\/api.w.org\/{rel}","templated":true}]}}